{"id":9,"date":"2026-02-23T16:06:51","date_gmt":"2026-02-23T16:06:51","guid":{"rendered":"http:\/\/18nodiasd.com\/?page_id=9"},"modified":"2026-03-02T19:41:40","modified_gmt":"2026-03-02T19:41:40","slug":"about","status":"publish","type":"page","link":"https:\/\/18nodiasd.com\/?page_id=9","title":{"rendered":"Su di noi"},"content":{"rendered":"\n<h2 class=\"wp-block-heading has-text-align-center has-large-font-size\" id=\"inspiro-is-a-digital-product-agency-that-focuses-on-strategy-and-design\" style=\"font-style:normal;font-weight:100\"><strong>Molla gli ormeggi e unisciti alla nostra community! <\/strong><\/h2>\n\n\n\n<p class=\"has-text-align-center\" id=\"inspiro-is-a-digital-product-agency-that-focuses-on-strategy-and-design\"><strong>La nostra scuola di vento \u00e8 il punto di incontro per chiunque voglia vivere il mare da protagonista. Qui l\u2019apprendimento va di pari passo con il divertimento: tra una virata e l\u2019altra, nascono amicizie che durano una vita. <\/strong><\/p>\n\n\n\n<p class=\"has-text-align-center\" id=\"inspiro-is-a-digital-product-agency-that-focuses-on-strategy-and-design\"><strong>Crediamo in una vela e in un windsurf accessibile a tutti, dove ogni uscita in mare \u00e8 un\u2019opportunit\u00e0 per superare i propri limiti e sentirsi parte di una grande famiglia.<\/strong><\/p>\n\n\n\n<div style=\"height:100px\" aria-hidden=\"true\" class=\"wp-block-spacer\"><\/div>\n\n\n\n<div class=\"wp-block-columns alignwide is-layout-flex wp-container-core-columns-is-layout-28f84493 wp-block-columns-is-layout-flex\">\n<div class=\"wp-block-column is-layout-flow wp-block-column-is-layout-flow\">\n<figure class=\"wp-block-image size-large\"><img loading=\"lazy\" decoding=\"async\" width=\"731\" height=\"1024\" src=\"https:\/\/18nodiasd.com\/wp-content\/uploads\/2026\/02\/DSC08290-731x1024.jpg\" alt=\"\" class=\"wp-image-50\" srcset=\"https:\/\/18nodiasd.com\/wp-content\/uploads\/2026\/02\/DSC08290-731x1024.jpg 731w, https:\/\/18nodiasd.com\/wp-content\/uploads\/2026\/02\/DSC08290-214x300.jpg 214w, https:\/\/18nodiasd.com\/wp-content\/uploads\/2026\/02\/DSC08290-2000x2800.jpg 2000w, https:\/\/18nodiasd.com\/wp-content\/uploads\/2026\/02\/DSC08290-scaled.jpg 1828w\" sizes=\"auto, (max-width: 731px) 100vw, 731px\" \/><\/figure>\n\n\n\n<p class=\"has-black-color has-text-color has-medium-font-size\"><a href=\"#\">La Vela<\/a><\/p>\n\n\n\n<p class=\"has-text-color\" style=\"color:#7a7a7a\">&#8220;La vela \u00e8 una scuola di vita a cielo aperto. Navigare insegna la pazienza, la rapidit\u00e0 nelle decisioni e l&#8217;importanza del lavoro di squadra. Ogni uscita in mare \u00e8 una lezione di umilt\u00e0 e consapevolezza, dove si impara a leggere le nuvole, a assecondare le correnti e a superare i propri limiti con determinazione. Che si tratti di una regata competitiva o di una tranquilla uscita al tramonto, la vela forma il carattere e regala una nuova prospettiva sul mondo e su se stessi.&#8221;<\/p>\n<\/div>\n\n\n\n<div class=\"wp-block-column is-layout-flow wp-block-column-is-layout-flow\">\n<figure class=\"wp-block-image size-large\"><img loading=\"lazy\" decoding=\"async\" width=\"731\" height=\"1024\" src=\"https:\/\/18nodiasd.com\/wp-content\/uploads\/2026\/02\/DSC07738_1-731x1024.jpg\" alt=\"\" class=\"wp-image-54\" srcset=\"https:\/\/18nodiasd.com\/wp-content\/uploads\/2026\/02\/DSC07738_1-731x1024.jpg 731w, https:\/\/18nodiasd.com\/wp-content\/uploads\/2026\/02\/DSC07738_1-214x300.jpg 214w, https:\/\/18nodiasd.com\/wp-content\/uploads\/2026\/02\/DSC07738_1-2000x2800.jpg 2000w, https:\/\/18nodiasd.com\/wp-content\/uploads\/2026\/02\/DSC07738_1-scaled.jpg 1829w\" sizes=\"auto, (max-width: 731px) 100vw, 731px\" \/><\/figure>\n\n\n\n<p class=\"has-black-color has-text-color has-medium-font-size\"><a href=\"#\">Il Windsurf<\/a><\/p>\n\n\n\n<p class=\"has-text-color\" style=\"color:#7a7a7a\">&#8220;Imparare il windsurf \u00e8 pi\u00f9 semplice di quanto pensi e incredibilmente gratificante fin dai primi bordi. La nostra scuola trasforma la tecnica in divertimento, guidandoti passo dopo passo nell&#8217;equilibrio e nel controllo della vela. Dalle prime manovre in acque piatte alle emozioni delle giornate pi\u00f9 ventose, il windsurf \u00e8 uno sport completo che allena il corpo e libera la mente. Vieni a scoprire quanto \u00e8 facile volare sull&#8217;acqua!&#8221;&#8221;<\/p>\n<\/div>\n\n\n\n<div class=\"wp-block-column is-layout-flow wp-block-column-is-layout-flow\">\n<figure class=\"wp-block-image size-large\"><img loading=\"lazy\" decoding=\"async\" width=\"731\" height=\"1024\" src=\"http:\/\/18nodiasd.com\/wp-content\/uploads\/2026\/02\/DSC08425-731x1024.jpg\" alt=\"\" class=\"wp-image-53\" srcset=\"https:\/\/18nodiasd.com\/wp-content\/uploads\/2026\/02\/DSC08425-731x1024.jpg 731w, https:\/\/18nodiasd.com\/wp-content\/uploads\/2026\/02\/DSC08425-214x300.jpg 214w, https:\/\/18nodiasd.com\/wp-content\/uploads\/2026\/02\/DSC08425-2000x2800.jpg 2000w, https:\/\/18nodiasd.com\/wp-content\/uploads\/2026\/02\/DSC08425-scaled.jpg 1828w\" sizes=\"auto, (max-width: 731px) 100vw, 731px\" \/><\/figure>\n\n\n\n<p class=\"has-black-color has-text-color has-medium-font-size\"><a href=\"#\">La Base<\/a><\/p>\n\n\n\n<p class=\"has-text-color\" style=\"color:#7a7a7a\">&#8220;La nostra base non \u00e8 solo il punto di partenza per le uscite in mare, ma il cuore pulsante della nostra comunit\u00e0. Situata a pochi passi dalla riva, \u00e8 uno spazio pensato per l&#8217;accoglienza e il relax, dove istruttori e allievi si ritrovano per briefing tecnici o per condividere i racconti della giornata davanti a un tramonto. Un ambiente informale e amichevole dove ogni marinaio, dal principiante al veterano, si sente subito a casa.&#8221;<\/p>\n<\/div>\n<\/div>\n","protected":false},"excerpt":{"rendered":"<p>Molla gli ormeggi e unisciti alla nostra community! La nostra scuola di vento \u00e8 il punto di incontro per chiunque voglia vivere il mare da protagonista. Qui l\u2019apprendimento va di pari passo con il divertimento: tra una virata e l\u2019altra, nascono amicizie che durano una vita. Crediamo in una vela e in un windsurf accessibile &hellip; <\/p>\n<p class=\"link-more\"><a href=\"https:\/\/18nodiasd.com\/?page_id=9\" class=\"more-link\">Read more<span class=\"screen-reader-text\"> &#8220;Su di noi&#8221;<\/span><\/a><\/p>\n","protected":false},"author":1,"featured_media":27,"parent":0,"menu_order":0,"comment_status":"closed","ping_status":"closed","template":"","meta":{"inspiro_hide_title":false,"footnotes":""},"class_list":["post-9","page","type-page","status-publish","has-post-thumbnail","hentry"],"yoast_head":"<!-- This site is optimized with the Yoast SEO plugin v27.1.1 - https:\/\/yoast.com\/product\/yoast-seo-wordpress\/ -->\n<title>Su di noi - 18Nodi %<\/title>\n<meta name=\"robots\" content=\"index, follow, max-snippet:-1, max-image-preview:large, max-video-preview:-1\" \/>\n<link rel=\"canonical\" href=\"http:\/\/18nodiasd.com\/?page_id=9\" \/>\n<meta property=\"og:locale\" content=\"en_US\" \/>\n<meta property=\"og:type\" content=\"article\" \/>\n<meta property=\"og:title\" content=\"Su di noi - 18Nodi %\" \/>\n<meta property=\"og:description\" content=\"Molla gli ormeggi e unisciti alla nostra community! La nostra scuola di vento \u00e8 il punto di incontro per chiunque voglia vivere il mare da protagonista. Qui l\u2019apprendimento va di pari passo con il divertimento: tra una virata e l\u2019altra, nascono amicizie che durano una vita. Crediamo in una vela e in un windsurf accessibile &hellip; Read more &quot;Su di noi&quot;\" \/>\n<meta property=\"og:url\" content=\"http:\/\/18nodiasd.com\/?page_id=9\" \/>\n<meta property=\"og:site_name\" content=\"18Nodi\" \/>\n<meta property=\"article:publisher\" content=\"https:\/\/www.facebook.com\/profile.php?id=61588094300865\" \/>\n<meta property=\"article:modified_time\" content=\"2026-03-02T19:41:40+00:00\" \/>\n<meta property=\"og:image\" content=\"http:\/\/18nodiasd.com\/wp-content\/uploads\/2026\/02\/DSC08810-scaled.jpg\" \/>\n\t<meta property=\"og:image:width\" content=\"2560\" \/>\n\t<meta property=\"og:image:height\" content=\"1707\" \/>\n\t<meta property=\"og:image:type\" content=\"image\/jpeg\" \/>\n<meta name=\"twitter:card\" content=\"summary_large_image\" \/>\n<meta name=\"twitter:label1\" content=\"Est. reading time\" \/>\n\t<meta name=\"twitter:data1\" content=\"2 minutes\" \/>\n<script type=\"application\/ld+json\" class=\"yoast-schema-graph\">{\"@context\":\"https:\/\/schema.org\",\"@graph\":[{\"@type\":\"WebPage\",\"@id\":\"http:\/\/18nodiasd.com\/?page_id=9\",\"url\":\"http:\/\/18nodiasd.com\/?page_id=9\",\"name\":\"Su di noi - 18Nodi %\",\"isPartOf\":{\"@id\":\"https:\/\/18nodiasd.com\/#website\"},\"primaryImageOfPage\":{\"@id\":\"http:\/\/18nodiasd.com\/?page_id=9#primaryimage\"},\"image\":{\"@id\":\"http:\/\/18nodiasd.com\/?page_id=9#primaryimage\"},\"thumbnailUrl\":\"https:\/\/18nodiasd.com\/wp-content\/uploads\/2026\/02\/DSC08810-scaled.jpg\",\"datePublished\":\"2026-02-23T16:06:51+00:00\",\"dateModified\":\"2026-03-02T19:41:40+00:00\",\"breadcrumb\":{\"@id\":\"http:\/\/18nodiasd.com\/?page_id=9#breadcrumb\"},\"inLanguage\":\"en-US\",\"potentialAction\":[{\"@type\":\"ReadAction\",\"target\":[\"http:\/\/18nodiasd.com\/?page_id=9\"]}]},{\"@type\":\"ImageObject\",\"inLanguage\":\"en-US\",\"@id\":\"http:\/\/18nodiasd.com\/?page_id=9#primaryimage\",\"url\":\"https:\/\/18nodiasd.com\/wp-content\/uploads\/2026\/02\/DSC08810-scaled.jpg\",\"contentUrl\":\"https:\/\/18nodiasd.com\/wp-content\/uploads\/2026\/02\/DSC08810-scaled.jpg\",\"width\":2560,\"height\":1707},{\"@type\":\"BreadcrumbList\",\"@id\":\"http:\/\/18nodiasd.com\/?page_id=9#breadcrumb\",\"itemListElement\":[{\"@type\":\"ListItem\",\"position\":1,\"name\":\"Home\",\"item\":\"https:\/\/18nodiasd.com\/\"},{\"@type\":\"ListItem\",\"position\":2,\"name\":\"Su di noi\"}]},{\"@type\":\"WebSite\",\"@id\":\"https:\/\/18nodiasd.com\/#website\",\"url\":\"https:\/\/18nodiasd.com\/\",\"name\":\"18Nodi\",\"description\":\"Associazione di Vela\/Derive e Windsurf, con base in Puglia presso Torre Guaceto. Vieni a scoprire il sole, il mare e il vento con gli amici giusti.\",\"publisher\":{\"@id\":\"https:\/\/18nodiasd.com\/#organization\"},\"potentialAction\":[{\"@type\":\"SearchAction\",\"target\":{\"@type\":\"EntryPoint\",\"urlTemplate\":\"https:\/\/18nodiasd.com\/?s={search_term_string}\"},\"query-input\":{\"@type\":\"PropertyValueSpecification\",\"valueRequired\":true,\"valueName\":\"search_term_string\"}}],\"inLanguage\":\"en-US\"},{\"@type\":\"Organization\",\"@id\":\"https:\/\/18nodiasd.com\/#organization\",\"name\":\"18Nodi\",\"url\":\"https:\/\/18nodiasd.com\/\",\"logo\":{\"@type\":\"ImageObject\",\"inLanguage\":\"en-US\",\"@id\":\"https:\/\/18nodiasd.com\/#\/schema\/logo\/image\/\",\"url\":\"http:\/\/18nodiasd.com\/wp-content\/uploads\/2026\/03\/cropped-Risorsa-2-scaled-1.png\",\"contentUrl\":\"http:\/\/18nodiasd.com\/wp-content\/uploads\/2026\/03\/cropped-Risorsa-2-scaled-1.png\",\"width\":512,\"height\":512,\"caption\":\"18Nodi\"},\"image\":{\"@id\":\"https:\/\/18nodiasd.com\/#\/schema\/logo\/image\/\"},\"sameAs\":[\"https:\/\/www.facebook.com\/profile.php?id=61588094300865\",\"https:\/\/www.instagram.com\/18.nodi\/\"]}]}<\/script>\n<!-- \/ Yoast SEO plugin. -->","yoast_head_json":{"title":"Su di noi - 18Nodi %","robots":{"index":"index","follow":"follow","max-snippet":"max-snippet:-1","max-image-preview":"max-image-preview:large","max-video-preview":"max-video-preview:-1"},"canonical":"http:\/\/18nodiasd.com\/?page_id=9","og_locale":"en_US","og_type":"article","og_title":"Su di noi - 18Nodi %","og_description":"Molla gli ormeggi e unisciti alla nostra community! La nostra scuola di vento \u00e8 il punto di incontro per chiunque voglia vivere il mare da protagonista. Qui l\u2019apprendimento va di pari passo con il divertimento: tra una virata e l\u2019altra, nascono amicizie che durano una vita. Crediamo in una vela e in un windsurf accessibile &hellip; Read more \"Su di noi\"","og_url":"http:\/\/18nodiasd.com\/?page_id=9","og_site_name":"18Nodi","article_publisher":"https:\/\/www.facebook.com\/profile.php?id=61588094300865","article_modified_time":"2026-03-02T19:41:40+00:00","og_image":[{"width":2560,"height":1707,"url":"http:\/\/18nodiasd.com\/wp-content\/uploads\/2026\/02\/DSC08810-scaled.jpg","type":"image\/jpeg"}],"twitter_card":"summary_large_image","twitter_misc":{"Est. reading time":"2 minutes"},"schema":{"@context":"https:\/\/schema.org","@graph":[{"@type":"WebPage","@id":"http:\/\/18nodiasd.com\/?page_id=9","url":"http:\/\/18nodiasd.com\/?page_id=9","name":"Su di noi - 18Nodi %","isPartOf":{"@id":"https:\/\/18nodiasd.com\/#website"},"primaryImageOfPage":{"@id":"http:\/\/18nodiasd.com\/?page_id=9#primaryimage"},"image":{"@id":"http:\/\/18nodiasd.com\/?page_id=9#primaryimage"},"thumbnailUrl":"https:\/\/18nodiasd.com\/wp-content\/uploads\/2026\/02\/DSC08810-scaled.jpg","datePublished":"2026-02-23T16:06:51+00:00","dateModified":"2026-03-02T19:41:40+00:00","breadcrumb":{"@id":"http:\/\/18nodiasd.com\/?page_id=9#breadcrumb"},"inLanguage":"en-US","potentialAction":[{"@type":"ReadAction","target":["http:\/\/18nodiasd.com\/?page_id=9"]}]},{"@type":"ImageObject","inLanguage":"en-US","@id":"http:\/\/18nodiasd.com\/?page_id=9#primaryimage","url":"https:\/\/18nodiasd.com\/wp-content\/uploads\/2026\/02\/DSC08810-scaled.jpg","contentUrl":"https:\/\/18nodiasd.com\/wp-content\/uploads\/2026\/02\/DSC08810-scaled.jpg","width":2560,"height":1707},{"@type":"BreadcrumbList","@id":"http:\/\/18nodiasd.com\/?page_id=9#breadcrumb","itemListElement":[{"@type":"ListItem","position":1,"name":"Home","item":"https:\/\/18nodiasd.com\/"},{"@type":"ListItem","position":2,"name":"Su di noi"}]},{"@type":"WebSite","@id":"https:\/\/18nodiasd.com\/#website","url":"https:\/\/18nodiasd.com\/","name":"18Nodi","description":"Associazione di Vela\/Derive e Windsurf, con base in Puglia presso Torre Guaceto. Vieni a scoprire il sole, il mare e il vento con gli amici giusti.","publisher":{"@id":"https:\/\/18nodiasd.com\/#organization"},"potentialAction":[{"@type":"SearchAction","target":{"@type":"EntryPoint","urlTemplate":"https:\/\/18nodiasd.com\/?s={search_term_string}"},"query-input":{"@type":"PropertyValueSpecification","valueRequired":true,"valueName":"search_term_string"}}],"inLanguage":"en-US"},{"@type":"Organization","@id":"https:\/\/18nodiasd.com\/#organization","name":"18Nodi","url":"https:\/\/18nodiasd.com\/","logo":{"@type":"ImageObject","inLanguage":"en-US","@id":"https:\/\/18nodiasd.com\/#\/schema\/logo\/image\/","url":"http:\/\/18nodiasd.com\/wp-content\/uploads\/2026\/03\/cropped-Risorsa-2-scaled-1.png","contentUrl":"http:\/\/18nodiasd.com\/wp-content\/uploads\/2026\/03\/cropped-Risorsa-2-scaled-1.png","width":512,"height":512,"caption":"18Nodi"},"image":{"@id":"https:\/\/18nodiasd.com\/#\/schema\/logo\/image\/"},"sameAs":["https:\/\/www.facebook.com\/profile.php?id=61588094300865","https:\/\/www.instagram.com\/18.nodi\/"]}]}},"_links":{"self":[{"href":"https:\/\/18nodiasd.com\/index.php?rest_route=\/wp\/v2\/pages\/9","targetHints":{"allow":["GET"]}}],"collection":[{"href":"https:\/\/18nodiasd.com\/index.php?rest_route=\/wp\/v2\/pages"}],"about":[{"href":"https:\/\/18nodiasd.com\/index.php?rest_route=\/wp\/v2\/types\/page"}],"author":[{"embeddable":true,"href":"https:\/\/18nodiasd.com\/index.php?rest_route=\/wp\/v2\/users\/1"}],"replies":[{"embeddable":true,"href":"https:\/\/18nodiasd.com\/index.php?rest_route=%2Fwp%2Fv2%2Fcomments&post=9"}],"version-history":[{"count":0,"href":"https:\/\/18nodiasd.com\/index.php?rest_route=\/wp\/v2\/pages\/9\/revisions"}],"wp:featuredmedia":[{"embeddable":true,"href":"https:\/\/18nodiasd.com\/index.php?rest_route=\/wp\/v2\/media\/27"}],"wp:attachment":[{"href":"https:\/\/18nodiasd.com\/index.php?rest_route=%2Fwp%2Fv2%2Fmedia&parent=9"}],"curies":[{"name":"wp","href":"https:\/\/api.w.org\/{rel}","templated":true}]}}